{"id":49,"date":"2023-06-17T01:17:08","date_gmt":"2023-06-16T23:17:08","guid":{"rendered":"http:\/\/szczecinska.com.pl\/?page_id=49"},"modified":"2024-08-08T08:10:41","modified_gmt":"2024-08-08T06:10:41","slug":"regulamin","status":"publish","type":"page","link":"https:\/\/szczecinska.com.pl\/?page_id=49","title":{"rendered":"Regulamin Szczeci\u0144skiej Pieszej Pielgrzymki na Jasn\u0105 G\u00f3r\u0119"},"content":{"rendered":"\n<pre class=\"wp-block-code menu-color\"><code>Drogi Pielgrzymie aby\u015b jak najowocniej i bezpiecznie prze\u017cy\u0142 ten czas wsp\u00f3lnych \u201erekolekcji w drodze\u201d zechciej uwa\u017cnie przeczyta\u0107 to, co z my\u015bl\u0105 o Tobie zosta\u0142o tu napisane.<\/code><\/pre>\n\n\n\n<h2 class=\"wp-block-heading\">Cel pielgrzymki<\/h2>\n\n\n\n<pre class=\"wp-block-code menu-color\"><code>Pielgrzymka jest prze\u017cyciem religijnym. Ma charakter modlitewny; dzi\u0119kczynny i pokutny. Celem jej jest zbli\u017cenie ludzi przez Maryj\u0119 do Boga przez wsp\u00f3lnotowe pod\u0105\u017canie pielgrzymim szlakiem. Pielgrzymi codziennie bior\u0105 udzia\u0142 we Mszy \u015awi\u0119tej, a w czasie drogi uczestnicz\u0105 w programie duszpasterskim, na kt\u00f3ry sk\u0142adaj\u0105 si\u0119 modlitwy, rozwa\u017cania i medytacj\u0119 S\u0142owa Bo\u017cego, konferencj\u0119, wsp\u00f3lne \u015bpiewy, nabo\u017ce\u0144stwa. Zwracamy si\u0119 do siebie \u201esiostro, bracie\u201d i pomagamy sobie wzajemnie.<\/code><\/pre>\n\n\n\n<h2 class=\"wp-block-heading\">Celem pielgrzymki jest r\u00f3wnie\u017c:<\/h2>\n\n\n\n<ul class=\"wp-block-list\">\n<li>formowanie postawy chrze\u015bcija\u0144skiej w dobie laicyzacji \u017cycia,<\/li>\n\n\n\n<li>ubogacenie ducha praktyk\u0105 modlitwy,<\/li>\n\n\n\n<li>wyjednanie \u0142ask poprzez modlitw\u0119 i trud pielgrzymi,<\/li>\n\n\n\n<li>poznanie ciekawych i pi\u0119knych zak\u0105tk\u00f3w Polski,<\/li>\n\n\n\n<li>tworzenie wsp\u00f3lnoty mi\u0119dzy lud\u017ami.<\/li>\n<\/ul>\n\n\n\n<h2 class=\"wp-block-heading\">Organizator<\/h2>\n\n\n\n<p>Organizator: Fundacja \u201eSzczeci\u0144ska\u201d ul. Kr\u00f3lowej Korony Polskiej 28E, 70-485 Szczecin skr. 167 fax. (+48) 91 885 1 850, e-mail: fundacja@szczecinska.eu, dyrektor.szczecinska@gmail.com<\/p>\n\n\n\n<h2 class=\"wp-block-heading\">Warunki uczestnictwa w pielgrzymce:<\/h2>\n\n\n\n<p>Uczestnik pielgrzymki to ten, kto:<\/p>\n\n\n\n<ul class=\"wp-block-list\">\n<li>akceptuje jej religijny charakter;<\/li>\n\n\n\n<li>pragnie pog\u0142\u0119bi\u0107 swoj\u0105 duchow\u0105 formacj\u0119;<\/li>\n\n\n\n<li>jest fizycznie przygotowany do przej\u015bcia codziennie ok. 30 &#8211; 35 km;<\/li>\n\n\n\n<li>uko\u0144czy\u0142 18 lat (osoby m\u0142odsze mog\u0105 pielgrzymowa\u0107 jedynie z pe\u0142noletnim opiekunem i za pisemn\u0105 zgod\u0105 prawnych opiekun\u00f3w);<\/li>\n\n\n\n<li>dokona\u0142 zapisu na pielgrzymk\u0119, ui\u015bci\u0142 op\u0142at\u0119 wpisow\u0105 w postaci darowizny na cele pielgrzymki, nosi ze sob\u0105 legitymacj\u0119 \u2013 identyfikator;<\/li>\n<\/ul>\n\n\n\n<h2 class=\"wp-block-heading\">Postawa pielgrzyma.<\/h2>\n\n\n\n<p>Poniewa\u017c pielgrzymka ma charakter religijny, w duchu umartwienia pielgrzym:<\/p>\n\n\n\n<ul class=\"wp-block-list\">\n<li>nie pije alkoholu;<\/li>\n\n\n\n<li>nie pali tytoniu;<\/li>\n\n\n\n<li>nie za\u017cywa \u015brodk\u00f3w odurzaj\u0105cych;<\/li>\n\n\n\n<li>przestrzega zakazu nocleg\u00f3w koedukacyjnych;<\/li>\n\n\n\n<li>nie k\u0105pie si\u0119 w rzekach i jeziorach;<\/li>\n\n\n\n<li>nosi str\u00f3j odpowiedni do charakteru pielgrzymki;<\/li>\n\n\n\n<li>nie u\u017cywa telefonu w czasie modlitw i nabo\u017ce\u0144stw, a w innym czasie korzysta z niego z umiarem;<\/li>\n\n\n\n<li>nie u\u017cywa w czasie drogi s\u0142uchawek oraz urz\u0105dze\u0144 elektronicznych;<\/li>\n\n\n\n<li>podporz\u0105dkowuje si\u0119 zarz\u0105dzeniom przewodnika i s\u0142u\u017cb porz\u0105dkowych;<\/li>\n\n\n\n<li>nie oddala si\u0119 samowolnie od grupy p\u0105tniczej;<\/li>\n<\/ul>\n\n\n\n<h2 class=\"wp-block-heading\">Zachowanie w drodze.<\/h2>\n\n\n\n<p>Pielgrzymka porusza si\u0119 w jednej grupie, praw\u0105 stron\u0105 drogi. Ze wzgl\u0119d\u00f3w bezpiecze\u0144stwa kategorycznie zakazane jest zostawanie za grup\u0105 oraz oddalanie si\u0119 od grupy bez zgody przewodnika i s\u0142u\u017cb porz\u0105dkowych. Wszyscy pielgrzymi zobowi\u0105zani s\u0105 do wype\u0142niania polece\u0144 dyrektora, przewodnika grupy oraz s\u0142u\u017cb porz\u0105dkowych.<\/p>\n\n\n\n<h2 class=\"wp-block-heading\">Noclegi<\/h2>\n\n\n\n<p>Noclegi przewidywane s\u0105 w warunkach turystycznych. Odbywaj\u0105 si\u0119 one w prywatnych mieszkaniach jak r\u00f3wnie\u017c w szko\u0142ach oraz remizach stra\u017cackich. Na trasie z wdzi\u0119czno\u015bci\u0105 korzystamy z udzielanej nam go\u015bciny; staramy si\u0119 przy tym nie nadu\u017cywa\u0107 go\u015bcinno\u015bci gospodarzy. W duchu umartwienia nale\u017cy nastawi\u0107 si\u0119 na znoszenie niewyg\u00f3d. Nie ma nocleg\u00f3w koedukacyjnych.<\/p>\n\n\n\n<h2 class=\"wp-block-heading\">Baga\u017c.<\/h2>\n\n\n\n<p>Transport baga\u017cu mi\u0119dzy miejscami noclegowymi zapewniony jest przez organizator\u00f3w w ramach op\u0142aconego wpisowego. Na drog\u0119 zabieramy jedynie rzeczy niezb\u0119dne w czasie marszu. Nie ma mo\u017cliwo\u015bci wiezienia baga\u017cu podr\u0119cznego w samochodzie kt\u00f3ry towarzyszy pielgrzymce w czasie drogi. G\u0142\u00f3wny baga\u017c kt\u00f3ry jest wieziony samochodem ci\u0119\u017carowym musi by\u0107 trwale i widocznie oznaczony kart\u0105 baga\u017cow\u0105 otrzyman\u0105 przy zapisach. Nie ma mo\u017cliwo\u015bci dost\u0119pu do baga\u017cu w ci\u0105gu dnia. Niedozwolone jest, by poszczeg\u00f3lnym pielgrzymom lub ich grupkom towarzyszy\u0142y prywatne samochody. Baga\u017c uczestnika powinien zawiera\u0107: \u015bpiw\u00f3r, karimat\u0119, przybory toaletowe, r\u0119cznik, ciep\u0142\u0105 odzie\u017c, odzie\u017c na zmian\u0119, bielizn\u0119, koszulki (t-shirt) oraz potrzebne rzeczy wed\u0142ug w\u0142asnego uznania. Powinien by\u0107 jak najmniejszy.<\/p>\n\n\n\n<h2 class=\"wp-block-heading\">Ubi\u00f3r<\/h2>\n\n\n\n<p>W czasie drogi nosimy stroje odpowiednie do stanu i charakteru pielgrzymki (nie nosimy szort\u00f3w, koszulek odkrywaj\u0105cych ramiona, nie zdejmujemy koszul,). Str\u00f3j uczestnika powinien zapewnia\u0107 swobod\u0119 ruchu, a tak\u017ce by\u0107 dostosowanym do warunk\u00f3w atmosferycznych (np. okrycie przeciwdeszczowe, ciep\u0142a odzie\u017c, nakrycie g\u0142owy, okulary przeciws\u0142oneczne, krem z filtrem UV itd.). Zalecane s\u0105: koszulki zakrywaj\u0105ce ramiona, spodenki, najlepiej do kolan, dres, obuwie sportowe.<\/p>\n\n\n\n<h2 class=\"wp-block-heading\">Opieka medyczna.<\/h2>\n\n\n\n<p>Pomoc medyczna \u015bwiadczona jest przez uczestnicz\u0105cych w pielgrzymce lekarzy, piel\u0119gniarki, ratownik\u00f3w oraz osoby przeszkolone w zakresie medycznym bezinteresownie. W razie konieczno\u015bci &#8211; stwierdzonej przez lekarza lub upowa\u017cnion\u0105 piel\u0119gniark\u0119 &#8211; istnieje mo\u017cliwo\u015b\u0107 transportu chorego do najbli\u017cszego postoju. Lekarz lub piel\u0119gniarka mog\u0105 nakaza\u0107 jednodniow\u0105 przerw\u0119 w marszu a tak\u017ce opuszczenie pielgrzymki ze wzgl\u0119d\u00f3w zdrowotnych. Osoba taka udaje si\u0119 do nast\u0119pnej miejscowo\u015bci noclegowej lub wraca do domu na w\u0142asn\u0105 r\u0119k\u0119. Sanitarka pe\u0142ni funkcj\u0119 dora\u017an\u0105 i jest przeznaczona do przewiezienia na miejsce najbli\u017cszego postoju osoby, kt\u00f3ra dozna\u0142a urazu w czasie danego etapu.<\/p>\n\n\n\n<p>Ka\u017cdy pielgrzym jest zobowi\u0105zany do podania faktycznego stanu zdrowia oraz przyjmowanych na sta\u0142e lek\u00f3w w formularzu zapisowym. Organizatorzy nie ponosz\u0105 \u017cadnej odpowiedzialno\u015bci za stan zdrowie pielgrzyma i Jego pogorszenie w czasie drogi.  Za zatajenie faktu choroby lub przyjmowanych na sta\u0142e lek\u00f3w pielgrzym bierze w ca\u0142o\u015bci odpowiedzialno\u015b\u0107 na siebie.   <\/p>\n\n\n\n<h2 class=\"wp-block-heading\">Organizacja pielgrzymki<\/h2>\n\n\n\n<p>Pielgrzymi id\u0105 w jednej grupie. Na jej czele stoi przewodnik, odpowiedzialny za jej prowadzenie. Ca\u0142o\u015bci\u0105 pielgrzymki kieruj\u0105 dyrektor oraz wyznaczony zast\u0119pca. Wszyscy pielgrzymi zobowi\u0105zani s\u0105 do respektowania ich polece\u0144.<\/p>\n\n\n\n<h2 class=\"wp-block-heading\">Wymarsz pielgrzymki<\/h2>\n\n\n\n<p>Grupy \u201ePromieniste\u201d Szczeci\u0144skiej Pieszej Pielgrzymki wyruszaj\u0105 ze swoich miejscowo\u015bci ju\u017c od 25 lipca. Inauguracja pielgrzymki ma miejsce w czasie Mszy \u015awi\u0119tej 29 lipca o godz. 7.00 w Sanktuarium Pani Fatimskiej na osiedlu S\u0142onecznym w Szczecinie. Ko\u0144czymy pielgrzymowanie Msz\u0105 \u015awi\u0119t\u0105 pod szczytem jasnog\u00f3rskim 13 sierpnia. Do domu pielgrzymi wracaj\u0105 we w\u0142asnym zakresie.<\/p>\n\n\n\n<h2 class=\"wp-block-heading\">Zapisy na pielgrzymk\u0119<\/h2>\n\n\n\n<p>Zapisy na pielgrzymk\u0119 prowadzone s\u0105 interaktywnie poprzez stron\u0119 www.szczecinska.pl lub w spos\u00f3b tradycyjny mo\u017cna zapisa\u0107 si\u0119 w biurze obs\u0142ugi pielgrzyma przy Sanktuarium Pani Fatimskiej na Os. S\u0142onecznym (ul. Rydla 61 w Szczecinie) 29 lipca od godz. 6:00 jak r\u00f3wnie\u017c we wszystkich miejscowo\u015bciach noclegowych 10 min. po zako\u0144czonym wieczornym nabo\u017ce\u0144stwie.<\/p>\n\n\n\n<h2 class=\"wp-block-heading\">Wpisowe<\/h2>\n\n\n\n<p>Podany koszt uczestnictwa w pielgrzymce nie obejmuje wszystkich \u015bwiadcze\u0144, jakie otrzymujemy z \u017cyczliwo\u015bci i otwartego serca dobroczy\u0144c\u00f3w, gospodarzy. Dlatego nale\u017cy pami\u0119ta\u0107 o wyrazach wdzi\u0119czno\u015bci tym, dzi\u0119ki kt\u00f3rym mo\u017cemy pielgrzymowa\u0107. Wpisowe w formie darowizny obejmuje: ubezpieczenie, przew\u00f3z baga\u017cu, zapewnienie nag\u0142o\u015bnienia, udzielenie dora\u017anej pomocy medycznej i ewentualny przew\u00f3z chorego. Wysoko\u015b\u0107 wpisowego ustalana jest ka\u017cdego roku przez dyrektora pielgrzymki. <\/p>\n\n\n\n<p>W roku 2024 wpisowe wynosi 15 z\u0142 za ka\u017cdy dzie\u0144 pielgrzymowania. Ka\u017cdy pielgrzym jest r\u00f3wnie\u017c zobowi\u0105zany do zakupu tzw. pakietu pielgrzyma w cenie 30 z\u0142 w kt\u00f3rego sk\u0142ad w roku 2024 wchodzi: m.in. legitymacja pielgrzyma oraz karta baga\u017cowa uprawniaj\u0105ca do przewozu baga\u017cu, smycz do legitymacji, \u015bpiewnik, notes, d\u0142ugopis). Istnieje r\u00f3wnie\u017c mo\u017cliwo\u015b\u0107 zakupu koszulki na dany rok pielgrzymki w cenie 30 z\u0142.<\/p>\n\n\n\n<h2 class=\"wp-block-heading\">Postanowienia ko\u0144cowe<\/h2>\n\n\n\n<p>Dokonuj\u0105c zapisu, uczestnik pielgrzymki zobowi\u0105zuje si\u0119 do przestrzegania jej regulaminu oraz zgadza sie na przechowywanie i przetwarzanie swoich danych osobowych dla cel\u00f3w pielgrzymki jak r\u00f3wnie\u017c udost\u0119pnienie zdj\u0119\u0107 ze swoim wizerunkiem na stronie internetowej oraz portalach spo\u0142eczno\u015bciowych (Facebook, Twitter) i kanale youtube.<\/p>\n\n\n\n<p>Za z\u0142amanie postanowie\u0144 regulaminu oraz postaw\u0119 niezgodn\u0105 z duchem pielgrzymowania b\u0119d\u0105 wyci\u0105gane konsekwencje, do wykluczenia z pielgrzymki w\u0142\u0105cznie. Za organizacj\u0119 pielgrzymki odpowiadaj\u0105 w\u0142a\u015bciwi dyrektorzy, kierownicy i przewodnicy pielgrzymki, nadz\u00f3r natomiast prowadzi Zarz\u0105d Fundacji \u201eSzczeci\u0144ska\u201d.<\/p>\n\n\n\n<blockquote class=\"wp-block-quote is-style-default is-layout-flow wp-block-quote-is-layout-flow\" style=\"font-style:italic;font-weight:300\">\n<p><\/p>\n<cite>Czas Pielgrzymki jest czasem jedno\u015bci i braterstwa, gdy\u017c wszyscy razem tworzymy wsp\u00f3lnot\u0119, st\u0105d zwracamy si\u0119 do siebie bracie, siostro lub po imieniu. Dzielimy si\u0119 u\u015bmiechem, dobrym s\u0142owem, rad\u0105, pomocn\u0105 d\u0142oni\u0105 z innymi pielgrzymami oraz napotkanymi lud\u017ami. To pielgrzymi swoj\u0105 postaw\u0105 tworz\u0105 klimat tej wsp\u00f3lnoty.<\/cite><\/blockquote>\n","protected":false},"excerpt":{"rendered":"<p>Cel pielgrzymki Celem pielgrzymki jest r\u00f3wnie\u017c: Organizator Organizator: Fundacja \u201eSzczeci\u0144ska\u201d ul. Kr\u00f3lowej Korony Polskiej 28E, 70-485 Szczecin skr. 167 fax. (+48) 91 885 1 850, e-mail: fundacja@szczecinska.eu, dyrektor.szczecinska@gmail.com Warunki uczestnictwa w pielgrzymce: Uczestnik pielgrzymki to ten, kto: Postawa pielgrzyma. Poniewa\u017c pielgrzymka ma charakter religijny, w duchu umartwienia pielgrzym: Zachowanie w drodze. Pielgrzymka porusza si\u0119 w [&hellip;]<\/p>\n","protected":false},"author":1,"featured_media":0,"parent":0,"menu_order":0,"comment_status":"closed","ping_status":"closed","template":"","meta":{"ngg_post_thumbnail":0,"footnotes":""},"class_list":["post-49","page","type-page","status-publish","hentry"],"_links":{"self":[{"href":"https:\/\/szczecinska.com.pl\/index.php?rest_route=\/wp\/v2\/pages\/49","targetHints":{"allow":["GET"]}}],"collection":[{"href":"https:\/\/szczecinska.com.pl\/index.php?rest_route=\/wp\/v2\/pages"}],"about":[{"href":"https:\/\/szczecinska.com.pl\/index.php?rest_route=\/wp\/v2\/types\/page"}],"author":[{"embeddable":true,"href":"https:\/\/szczecinska.com.pl\/index.php?rest_route=\/wp\/v2\/users\/1"}],"replies":[{"embeddable":true,"href":"https:\/\/szczecinska.com.pl\/index.php?rest_route=%2Fwp%2Fv2%2Fcomments&post=49"}],"version-history":[{"count":16,"href":"https:\/\/szczecinska.com.pl\/index.php?rest_route=\/wp\/v2\/pages\/49\/revisions"}],"predecessor-version":[{"id":6977,"href":"https:\/\/szczecinska.com.pl\/index.php?rest_route=\/wp\/v2\/pages\/49\/revisions\/6977"}],"wp:attachment":[{"href":"https:\/\/szczecinska.com.pl\/index.php?rest_route=%2Fwp%2Fv2%2Fmedia&parent=49"}],"curies":[{"name":"wp","href":"https:\/\/api.w.org\/{rel}","templated":true}]}}